{"id":23636,"date":"2023-08-16T18:23:11","date_gmt":"2023-08-16T18:23:11","guid":{"rendered":"https:\/\/oncos.com\/patologie\/"},"modified":"2026-04-07T13:11:57","modified_gmt":"2026-04-07T13:11:57","slug":"patologie","status":"publish","type":"page","link":"https:\/\/www.oncos.com\/cs\/patologie\/","title":{"rendered":"Patologie"},"content":{"rendered":"","protected":false},"excerpt":{"rendered":"","protected":false},"author":1,"featured_media":0,"parent":0,"menu_order":0,"comment_status":"closed","ping_status":"closed","template":"main-theme.php","meta":{"footnotes":""},"acf":[],"yoast_head":"<!-- This site is optimized with the Yoast SEO plugin v21.3 - https:\/\/yoast.com\/wordpress\/plugins\/seo\/ -->\n<title>Patologie a poradenstv\u00ed v oblasti l\u00e9\u010dby - Oncos<\/title>\n<meta name=\"description\" content=\"Patologie a rady pro l\u00e9\u010dbu. \u00da\u010dinnost produkt\u016f Oncos k o\u0161et\u0159en\u00ed k\u016f\u017ee po l\u00e9\u010db\u011b rakoviny. Objevte v\u00fdsledky produkt\u016f Oncos.\" \/>\n<meta name=\"robots\" content=\"index, follow, max-snippet:-1, max-image-preview:large, max-video-preview:-1\" \/>\n<link rel=\"canonical\" href=\"https:\/\/www.oncos.com\/cs\/patologie\/\" \/>\n<meta property=\"og:locale\" content=\"cs_CZ\" \/>\n<meta property=\"og:type\" content=\"article\" \/>\n<meta property=\"og:title\" content=\"Patologie a poradenstv\u00ed v oblasti l\u00e9\u010dby - Oncos\" \/>\n<meta property=\"og:description\" content=\"Patologie a rady pro l\u00e9\u010dbu. \u00da\u010dinnost produkt\u016f Oncos k o\u0161et\u0159en\u00ed k\u016f\u017ee po l\u00e9\u010db\u011b rakoviny. Objevte v\u00fdsledky produkt\u016f Oncos.\" \/>\n<meta property=\"og:url\" content=\"https:\/\/www.oncos.com\/cs\/patologie\/\" \/>\n<meta property=\"og:site_name\" content=\"Oncos\" \/>\n<meta property=\"article:publisher\" content=\"https:\/\/www.facebook.com\/oncoscosmetica\" \/>\n<meta property=\"article:modified_time\" content=\"2026-04-07T13:11:57+00:00\" \/>\n<meta name=\"twitter:card\" content=\"summary_large_image\" \/>\n<script type=\"application\/ld+json\" class=\"yoast-schema-graph\">{\"@context\":\"https:\/\/schema.org\",\"@graph\":[{\"@type\":\"WebPage\",\"@id\":\"https:\/\/www.oncos.com\/cs\/patologie\/\",\"url\":\"https:\/\/www.oncos.com\/cs\/patologie\/\",\"name\":\"Patologie a poradenstv\u00ed v oblasti l\u00e9\u010dby - Oncos\",\"isPartOf\":{\"@id\":\"https:\/\/www.oncos.com\/cs\/#website\"},\"datePublished\":\"2023-08-16T18:23:11+00:00\",\"dateModified\":\"2026-04-07T13:11:57+00:00\",\"description\":\"Patologie a rady pro l\u00e9\u010dbu. \u00da\u010dinnost produkt\u016f Oncos k o\u0161et\u0159en\u00ed k\u016f\u017ee po l\u00e9\u010db\u011b rakoviny. Objevte v\u00fdsledky produkt\u016f Oncos.\",\"breadcrumb\":{\"@id\":\"https:\/\/www.oncos.com\/cs\/patologie\/#breadcrumb\"},\"inLanguage\":\"cs-CZ\",\"potentialAction\":[{\"@type\":\"ReadAction\",\"target\":[\"https:\/\/www.oncos.com\/cs\/patologie\/\"]}]},{\"@type\":\"BreadcrumbList\",\"@id\":\"https:\/\/www.oncos.com\/cs\/patologie\/#breadcrumb\",\"itemListElement\":[{\"@type\":\"ListItem\",\"position\":1,\"name\":\"Home\",\"item\":\"https:\/\/oncos.com\/\"},{\"@type\":\"ListItem\",\"position\":2,\"name\":\"Patologie\"}]},{\"@type\":\"WebSite\",\"@id\":\"https:\/\/www.oncos.com\/cs\/#website\",\"url\":\"https:\/\/www.oncos.com\/cs\/\",\"name\":\"Oncos\",\"description\":\"\",\"publisher\":{\"@id\":\"https:\/\/www.oncos.com\/cs\/#organization\"},\"potentialAction\":[{\"@type\":\"SearchAction\",\"target\":{\"@type\":\"EntryPoint\",\"urlTemplate\":\"https:\/\/www.oncos.com\/cs\/?s={search_term_string}\"},\"query-input\":\"required name=search_term_string\"}],\"inLanguage\":\"cs-CZ\"},{\"@type\":\"Organization\",\"@id\":\"https:\/\/www.oncos.com\/cs\/#organization\",\"name\":\"Oncos\",\"url\":\"https:\/\/www.oncos.com\/cs\/\",\"logo\":{\"@type\":\"ImageObject\",\"inLanguage\":\"cs-CZ\",\"@id\":\"https:\/\/www.oncos.com\/cs\/#\/schema\/logo\/image\/\",\"url\":\"https:\/\/oncos.com\/site\/uploads\/2023\/08\/logo.png\",\"contentUrl\":\"https:\/\/oncos.com\/site\/uploads\/2023\/08\/logo.png\",\"width\":693,\"height\":200,\"caption\":\"Oncos\"},\"image\":{\"@id\":\"https:\/\/www.oncos.com\/cs\/#\/schema\/logo\/image\/\"},\"sameAs\":[\"https:\/\/www.facebook.com\/oncoscosmetica\",\"https:\/\/www.instagram.com\/oncos_cosmetici\/\"]}]}<\/script>\n<!-- \/ Yoast SEO plugin. -->","yoast_head_json":{"title":"Patologie a poradenstv\u00ed v oblasti l\u00e9\u010dby - Oncos","description":"Patologie a rady pro l\u00e9\u010dbu. \u00da\u010dinnost produkt\u016f Oncos k o\u0161et\u0159en\u00ed k\u016f\u017ee po l\u00e9\u010db\u011b rakoviny. Objevte v\u00fdsledky produkt\u016f Oncos.","robots":{"index":"index","follow":"follow","max-snippet":"max-snippet:-1","max-image-preview":"max-image-preview:large","max-video-preview":"max-video-preview:-1"},"canonical":"https:\/\/www.oncos.com\/cs\/patologie\/","og_locale":"cs_CZ","og_type":"article","og_title":"Patologie a poradenstv\u00ed v oblasti l\u00e9\u010dby - Oncos","og_description":"Patologie a rady pro l\u00e9\u010dbu. \u00da\u010dinnost produkt\u016f Oncos k o\u0161et\u0159en\u00ed k\u016f\u017ee po l\u00e9\u010db\u011b rakoviny. Objevte v\u00fdsledky produkt\u016f Oncos.","og_url":"https:\/\/www.oncos.com\/cs\/patologie\/","og_site_name":"Oncos","article_publisher":"https:\/\/www.facebook.com\/oncoscosmetica","article_modified_time":"2026-04-07T13:11:57+00:00","twitter_card":"summary_large_image","schema":{"@context":"https:\/\/schema.org","@graph":[{"@type":"WebPage","@id":"https:\/\/www.oncos.com\/cs\/patologie\/","url":"https:\/\/www.oncos.com\/cs\/patologie\/","name":"Patologie a poradenstv\u00ed v oblasti l\u00e9\u010dby - Oncos","isPartOf":{"@id":"https:\/\/www.oncos.com\/cs\/#website"},"datePublished":"2023-08-16T18:23:11+00:00","dateModified":"2026-04-07T13:11:57+00:00","description":"Patologie a rady pro l\u00e9\u010dbu. \u00da\u010dinnost produkt\u016f Oncos k o\u0161et\u0159en\u00ed k\u016f\u017ee po l\u00e9\u010db\u011b rakoviny. Objevte v\u00fdsledky produkt\u016f Oncos.","breadcrumb":{"@id":"https:\/\/www.oncos.com\/cs\/patologie\/#breadcrumb"},"inLanguage":"cs-CZ","potentialAction":[{"@type":"ReadAction","target":["https:\/\/www.oncos.com\/cs\/patologie\/"]}]},{"@type":"BreadcrumbList","@id":"https:\/\/www.oncos.com\/cs\/patologie\/#breadcrumb","itemListElement":[{"@type":"ListItem","position":1,"name":"Home","item":"https:\/\/oncos.com\/"},{"@type":"ListItem","position":2,"name":"Patologie"}]},{"@type":"WebSite","@id":"https:\/\/www.oncos.com\/cs\/#website","url":"https:\/\/www.oncos.com\/cs\/","name":"Oncos","description":"","publisher":{"@id":"https:\/\/www.oncos.com\/cs\/#organization"},"potentialAction":[{"@type":"SearchAction","target":{"@type":"EntryPoint","urlTemplate":"https:\/\/www.oncos.com\/cs\/?s={search_term_string}"},"query-input":"required name=search_term_string"}],"inLanguage":"cs-CZ"},{"@type":"Organization","@id":"https:\/\/www.oncos.com\/cs\/#organization","name":"Oncos","url":"https:\/\/www.oncos.com\/cs\/","logo":{"@type":"ImageObject","inLanguage":"cs-CZ","@id":"https:\/\/www.oncos.com\/cs\/#\/schema\/logo\/image\/","url":"https:\/\/oncos.com\/site\/uploads\/2023\/08\/logo.png","contentUrl":"https:\/\/oncos.com\/site\/uploads\/2023\/08\/logo.png","width":693,"height":200,"caption":"Oncos"},"image":{"@id":"https:\/\/www.oncos.com\/cs\/#\/schema\/logo\/image\/"},"sameAs":["https:\/\/www.facebook.com\/oncoscosmetica","https:\/\/www.instagram.com\/oncos_cosmetici\/"]}]}},"_links":{"self":[{"href":"https:\/\/www.oncos.com\/cs\/wp-json\/wp\/v2\/pages\/23636"}],"collection":[{"href":"https:\/\/www.oncos.com\/cs\/wp-json\/wp\/v2\/pages"}],"about":[{"href":"https:\/\/www.oncos.com\/cs\/wp-json\/wp\/v2\/types\/page"}],"author":[{"embeddable":true,"href":"https:\/\/www.oncos.com\/cs\/wp-json\/wp\/v2\/users\/1"}],"replies":[{"embeddable":true,"href":"https:\/\/www.oncos.com\/cs\/wp-json\/wp\/v2\/comments?post=23636"}],"version-history":[{"count":1,"href":"https:\/\/www.oncos.com\/cs\/wp-json\/wp\/v2\/pages\/23636\/revisions"}],"predecessor-version":[{"id":33550,"href":"https:\/\/www.oncos.com\/cs\/wp-json\/wp\/v2\/pages\/23636\/revisions\/33550"}],"wp:attachment":[{"href":"https:\/\/www.oncos.com\/cs\/wp-json\/wp\/v2\/media?parent=23636"}],"curies":[{"name":"wp","href":"https:\/\/api.w.org\/{rel}","templated":true}]}}