{"id":23642,"date":"2023-08-11T20:42:55","date_gmt":"2023-08-11T20:42:55","guid":{"rendered":"https:\/\/oncos.com\/nemocnice\/"},"modified":"2025-12-01T17:09:05","modified_gmt":"2025-12-01T17:09:05","slug":"nemocnice","status":"publish","type":"page","link":"https:\/\/www.oncos.com\/cs\/odborna-oblast\/nemocnice\/","title":{"rendered":"Nemocnice"},"content":{"rendered":"","protected":false},"excerpt":{"rendered":"","protected":false},"author":1,"featured_media":0,"parent":24251,"menu_order":0,"comment_status":"closed","ping_status":"closed","template":"main-theme.php","meta":{"footnotes":""},"acf":[],"yoast_head":"<!-- This site is optimized with the Yoast SEO plugin v21.3 - https:\/\/yoast.com\/wordpress\/plugins\/seo\/ -->\n<title>Nemocni\u010dn\u00ed sada: podporuje pacienty s onkologick\u00fdm onemocn\u011bn\u00edm<\/title>\n<meta name=\"description\" content=\"Nemocni\u010dn\u00ed souprava: podporuje pacienty s onkologick\u00fdm onemocn\u011bn\u00edm t\u00edm, \u017ee poskytuje \u00fa\u010dinn\u00e1 \u0159e\u0161en\u00ed pro o\u0161et\u0159en\u00ed nam\u00e1han\u00e9 k\u016f\u017ee b\u011bhem l\u00e9\u010dby rakoviny. Vy\u017e\u00e1dejte si ji nyn\u00ed.\" \/>\n<meta name=\"robots\" content=\"index, follow, max-snippet:-1, max-image-preview:large, max-video-preview:-1\" \/>\n<link rel=\"canonical\" href=\"https:\/\/www.oncos.com\/cs\/odborna-oblast\/nemocnice\/\" \/>\n<meta property=\"og:locale\" content=\"cs_CZ\" \/>\n<meta property=\"og:type\" content=\"article\" \/>\n<meta property=\"og:title\" content=\"Nemocni\u010dn\u00ed sada: podporuje pacienty s onkologick\u00fdm onemocn\u011bn\u00edm\" \/>\n<meta property=\"og:description\" content=\"Nemocni\u010dn\u00ed souprava: podporuje pacienty s onkologick\u00fdm onemocn\u011bn\u00edm t\u00edm, \u017ee poskytuje \u00fa\u010dinn\u00e1 \u0159e\u0161en\u00ed pro o\u0161et\u0159en\u00ed nam\u00e1han\u00e9 k\u016f\u017ee b\u011bhem l\u00e9\u010dby rakoviny. Vy\u017e\u00e1dejte si ji nyn\u00ed.\" \/>\n<meta property=\"og:url\" content=\"https:\/\/www.oncos.com\/cs\/odborna-oblast\/nemocnice\/\" \/>\n<meta property=\"og:site_name\" content=\"Oncos\" \/>\n<meta property=\"article:publisher\" content=\"https:\/\/www.facebook.com\/oncoscosmetica\" \/>\n<meta property=\"article:modified_time\" content=\"2025-12-01T17:09:05+00:00\" \/>\n<meta name=\"twitter:card\" content=\"summary_large_image\" \/>\n<script type=\"application\/ld+json\" class=\"yoast-schema-graph\">{\"@context\":\"https:\/\/schema.org\",\"@graph\":[{\"@type\":\"WebPage\",\"@id\":\"https:\/\/www.oncos.com\/cs\/odborna-oblast\/nemocnice\/\",\"url\":\"https:\/\/www.oncos.com\/cs\/odborna-oblast\/nemocnice\/\",\"name\":\"Nemocni\u010dn\u00ed sada: podporuje pacienty s onkologick\u00fdm onemocn\u011bn\u00edm\",\"isPartOf\":{\"@id\":\"https:\/\/www.oncos.com\/cs\/#website\"},\"datePublished\":\"2023-08-11T20:42:55+00:00\",\"dateModified\":\"2025-12-01T17:09:05+00:00\",\"description\":\"Nemocni\u010dn\u00ed souprava: podporuje pacienty s onkologick\u00fdm onemocn\u011bn\u00edm t\u00edm, \u017ee poskytuje \u00fa\u010dinn\u00e1 \u0159e\u0161en\u00ed pro o\u0161et\u0159en\u00ed nam\u00e1han\u00e9 k\u016f\u017ee b\u011bhem l\u00e9\u010dby rakoviny. Vy\u017e\u00e1dejte si ji nyn\u00ed.\",\"breadcrumb\":{\"@id\":\"https:\/\/www.oncos.com\/cs\/odborna-oblast\/nemocnice\/#breadcrumb\"},\"inLanguage\":\"cs-CZ\",\"potentialAction\":[{\"@type\":\"ReadAction\",\"target\":[\"https:\/\/www.oncos.com\/cs\/odborna-oblast\/nemocnice\/\"]}]},{\"@type\":\"BreadcrumbList\",\"@id\":\"https:\/\/www.oncos.com\/cs\/odborna-oblast\/nemocnice\/#breadcrumb\",\"itemListElement\":[{\"@type\":\"ListItem\",\"position\":1,\"name\":\"Home\",\"item\":\"https:\/\/oncos.com\/\"},{\"@type\":\"ListItem\",\"position\":2,\"name\":\"Odborn\u00e1 oblast\",\"item\":\"https:\/\/oncos.com\/area-business\/\"},{\"@type\":\"ListItem\",\"position\":3,\"name\":\"Nemocnice\"}]},{\"@type\":\"WebSite\",\"@id\":\"https:\/\/www.oncos.com\/cs\/#website\",\"url\":\"https:\/\/www.oncos.com\/cs\/\",\"name\":\"Oncos\",\"description\":\"\",\"publisher\":{\"@id\":\"https:\/\/www.oncos.com\/cs\/#organization\"},\"potentialAction\":[{\"@type\":\"SearchAction\",\"target\":{\"@type\":\"EntryPoint\",\"urlTemplate\":\"https:\/\/www.oncos.com\/cs\/?s={search_term_string}\"},\"query-input\":\"required name=search_term_string\"}],\"inLanguage\":\"cs-CZ\"},{\"@type\":\"Organization\",\"@id\":\"https:\/\/www.oncos.com\/cs\/#organization\",\"name\":\"Oncos\",\"url\":\"https:\/\/www.oncos.com\/cs\/\",\"logo\":{\"@type\":\"ImageObject\",\"inLanguage\":\"cs-CZ\",\"@id\":\"https:\/\/www.oncos.com\/cs\/#\/schema\/logo\/image\/\",\"url\":\"https:\/\/oncos.com\/site\/uploads\/2023\/08\/logo.png\",\"contentUrl\":\"https:\/\/oncos.com\/site\/uploads\/2023\/08\/logo.png\",\"width\":693,\"height\":200,\"caption\":\"Oncos\"},\"image\":{\"@id\":\"https:\/\/www.oncos.com\/cs\/#\/schema\/logo\/image\/\"},\"sameAs\":[\"https:\/\/www.facebook.com\/oncoscosmetica\",\"https:\/\/www.instagram.com\/oncos_cosmetici\/\"]}]}<\/script>\n<!-- \/ Yoast SEO plugin. -->","yoast_head_json":{"title":"Nemocni\u010dn\u00ed sada: podporuje pacienty s onkologick\u00fdm onemocn\u011bn\u00edm","description":"Nemocni\u010dn\u00ed souprava: podporuje pacienty s onkologick\u00fdm onemocn\u011bn\u00edm t\u00edm, \u017ee poskytuje \u00fa\u010dinn\u00e1 \u0159e\u0161en\u00ed pro o\u0161et\u0159en\u00ed nam\u00e1han\u00e9 k\u016f\u017ee b\u011bhem l\u00e9\u010dby rakoviny. Vy\u017e\u00e1dejte si ji nyn\u00ed.","robots":{"index":"index","follow":"follow","max-snippet":"max-snippet:-1","max-image-preview":"max-image-preview:large","max-video-preview":"max-video-preview:-1"},"canonical":"https:\/\/www.oncos.com\/cs\/odborna-oblast\/nemocnice\/","og_locale":"cs_CZ","og_type":"article","og_title":"Nemocni\u010dn\u00ed sada: podporuje pacienty s onkologick\u00fdm onemocn\u011bn\u00edm","og_description":"Nemocni\u010dn\u00ed souprava: podporuje pacienty s onkologick\u00fdm onemocn\u011bn\u00edm t\u00edm, \u017ee poskytuje \u00fa\u010dinn\u00e1 \u0159e\u0161en\u00ed pro o\u0161et\u0159en\u00ed nam\u00e1han\u00e9 k\u016f\u017ee b\u011bhem l\u00e9\u010dby rakoviny. Vy\u017e\u00e1dejte si ji nyn\u00ed.","og_url":"https:\/\/www.oncos.com\/cs\/odborna-oblast\/nemocnice\/","og_site_name":"Oncos","article_publisher":"https:\/\/www.facebook.com\/oncoscosmetica","article_modified_time":"2025-12-01T17:09:05+00:00","twitter_card":"summary_large_image","schema":{"@context":"https:\/\/schema.org","@graph":[{"@type":"WebPage","@id":"https:\/\/www.oncos.com\/cs\/odborna-oblast\/nemocnice\/","url":"https:\/\/www.oncos.com\/cs\/odborna-oblast\/nemocnice\/","name":"Nemocni\u010dn\u00ed sada: podporuje pacienty s onkologick\u00fdm onemocn\u011bn\u00edm","isPartOf":{"@id":"https:\/\/www.oncos.com\/cs\/#website"},"datePublished":"2023-08-11T20:42:55+00:00","dateModified":"2025-12-01T17:09:05+00:00","description":"Nemocni\u010dn\u00ed souprava: podporuje pacienty s onkologick\u00fdm onemocn\u011bn\u00edm t\u00edm, \u017ee poskytuje \u00fa\u010dinn\u00e1 \u0159e\u0161en\u00ed pro o\u0161et\u0159en\u00ed nam\u00e1han\u00e9 k\u016f\u017ee b\u011bhem l\u00e9\u010dby rakoviny. Vy\u017e\u00e1dejte si ji nyn\u00ed.","breadcrumb":{"@id":"https:\/\/www.oncos.com\/cs\/odborna-oblast\/nemocnice\/#breadcrumb"},"inLanguage":"cs-CZ","potentialAction":[{"@type":"ReadAction","target":["https:\/\/www.oncos.com\/cs\/odborna-oblast\/nemocnice\/"]}]},{"@type":"BreadcrumbList","@id":"https:\/\/www.oncos.com\/cs\/odborna-oblast\/nemocnice\/#breadcrumb","itemListElement":[{"@type":"ListItem","position":1,"name":"Home","item":"https:\/\/oncos.com\/"},{"@type":"ListItem","position":2,"name":"Odborn\u00e1 oblast","item":"https:\/\/oncos.com\/area-business\/"},{"@type":"ListItem","position":3,"name":"Nemocnice"}]},{"@type":"WebSite","@id":"https:\/\/www.oncos.com\/cs\/#website","url":"https:\/\/www.oncos.com\/cs\/","name":"Oncos","description":"","publisher":{"@id":"https:\/\/www.oncos.com\/cs\/#organization"},"potentialAction":[{"@type":"SearchAction","target":{"@type":"EntryPoint","urlTemplate":"https:\/\/www.oncos.com\/cs\/?s={search_term_string}"},"query-input":"required name=search_term_string"}],"inLanguage":"cs-CZ"},{"@type":"Organization","@id":"https:\/\/www.oncos.com\/cs\/#organization","name":"Oncos","url":"https:\/\/www.oncos.com\/cs\/","logo":{"@type":"ImageObject","inLanguage":"cs-CZ","@id":"https:\/\/www.oncos.com\/cs\/#\/schema\/logo\/image\/","url":"https:\/\/oncos.com\/site\/uploads\/2023\/08\/logo.png","contentUrl":"https:\/\/oncos.com\/site\/uploads\/2023\/08\/logo.png","width":693,"height":200,"caption":"Oncos"},"image":{"@id":"https:\/\/www.oncos.com\/cs\/#\/schema\/logo\/image\/"},"sameAs":["https:\/\/www.facebook.com\/oncoscosmetica","https:\/\/www.instagram.com\/oncos_cosmetici\/"]}]}},"_links":{"self":[{"href":"https:\/\/www.oncos.com\/cs\/wp-json\/wp\/v2\/pages\/23642"}],"collection":[{"href":"https:\/\/www.oncos.com\/cs\/wp-json\/wp\/v2\/pages"}],"about":[{"href":"https:\/\/www.oncos.com\/cs\/wp-json\/wp\/v2\/types\/page"}],"author":[{"embeddable":true,"href":"https:\/\/www.oncos.com\/cs\/wp-json\/wp\/v2\/users\/1"}],"replies":[{"embeddable":true,"href":"https:\/\/www.oncos.com\/cs\/wp-json\/wp\/v2\/comments?post=23642"}],"version-history":[{"count":6,"href":"https:\/\/www.oncos.com\/cs\/wp-json\/wp\/v2\/pages\/23642\/revisions"}],"predecessor-version":[{"id":34363,"href":"https:\/\/www.oncos.com\/cs\/wp-json\/wp\/v2\/pages\/23642\/revisions\/34363"}],"up":[{"embeddable":true,"href":"https:\/\/www.oncos.com\/cs\/wp-json\/wp\/v2\/pages\/24251"}],"wp:attachment":[{"href":"https:\/\/www.oncos.com\/cs\/wp-json\/wp\/v2\/media?parent=23642"}],"curies":[{"name":"wp","href":"https:\/\/api.w.org\/{rel}","templated":true}]}}