{"id":23666,"date":"2023-08-11T20:25:35","date_gmt":"2023-08-11T20:25:35","guid":{"rendered":"https:\/\/oncos.com\/specializovana-centra\/"},"modified":"2025-12-01T17:08:14","modified_gmt":"2025-12-01T17:08:14","slug":"specializovana-centra","status":"publish","type":"page","link":"https:\/\/www.oncos.com\/cs\/specializovana-centra\/","title":{"rendered":"Specializovan\u00e1 centra"},"content":{"rendered":"","protected":false},"excerpt":{"rendered":"","protected":false},"author":1,"featured_media":0,"parent":0,"menu_order":0,"comment_status":"closed","ping_status":"closed","template":"main-theme.php","meta":{"footnotes":""},"acf":[],"yoast_head":"<!-- This site is optimized with the Yoast SEO plugin v21.3 - https:\/\/yoast.com\/wordpress\/plugins\/seo\/ -->\n<title>Specializovan\u00e9 l\u00e9k\u00e1rny Oncos<\/title>\n<meta name=\"description\" content=\"Specializovan\u00e9 l\u00e9k\u00e1rny Oncos: objevte v\u0161echna specializovan\u00e1 centra Oncos. V\u0161ichni autorizovan\u00ed prodejci s certifikac\u00ed na dan\u00e9m \u00fazem\u00ed.\" \/>\n<meta name=\"robots\" content=\"index, follow, max-snippet:-1, max-image-preview:large, max-video-preview:-1\" \/>\n<link rel=\"canonical\" href=\"https:\/\/www.oncos.com\/cs\/specializovana-centra\/\" \/>\n<meta property=\"og:locale\" content=\"cs_CZ\" \/>\n<meta property=\"og:type\" content=\"article\" \/>\n<meta property=\"og:title\" content=\"Specializovan\u00e9 l\u00e9k\u00e1rny Oncos\" \/>\n<meta property=\"og:description\" content=\"Specializovan\u00e9 l\u00e9k\u00e1rny Oncos: objevte v\u0161echna specializovan\u00e1 centra Oncos. V\u0161ichni autorizovan\u00ed prodejci s certifikac\u00ed na dan\u00e9m \u00fazem\u00ed.\" \/>\n<meta property=\"og:url\" content=\"https:\/\/www.oncos.com\/cs\/specializovana-centra\/\" \/>\n<meta property=\"og:site_name\" content=\"Oncos\" \/>\n<meta property=\"article:publisher\" content=\"https:\/\/www.facebook.com\/oncoscosmetica\" \/>\n<meta property=\"article:modified_time\" content=\"2025-12-01T17:08:14+00:00\" \/>\n<meta name=\"twitter:card\" content=\"summary_large_image\" \/>\n<script type=\"application\/ld+json\" class=\"yoast-schema-graph\">{\"@context\":\"https:\/\/schema.org\",\"@graph\":[{\"@type\":\"WebPage\",\"@id\":\"https:\/\/www.oncos.com\/cs\/specializovana-centra\/\",\"url\":\"https:\/\/www.oncos.com\/cs\/specializovana-centra\/\",\"name\":\"Specializovan\u00e9 l\u00e9k\u00e1rny Oncos\",\"isPartOf\":{\"@id\":\"https:\/\/www.oncos.com\/cs\/#website\"},\"datePublished\":\"2023-08-11T20:25:35+00:00\",\"dateModified\":\"2025-12-01T17:08:14+00:00\",\"description\":\"Specializovan\u00e9 l\u00e9k\u00e1rny Oncos: objevte v\u0161echna specializovan\u00e1 centra Oncos. V\u0161ichni autorizovan\u00ed prodejci s certifikac\u00ed na dan\u00e9m \u00fazem\u00ed.\",\"breadcrumb\":{\"@id\":\"https:\/\/www.oncos.com\/cs\/specializovana-centra\/#breadcrumb\"},\"inLanguage\":\"cs-CZ\",\"potentialAction\":[{\"@type\":\"ReadAction\",\"target\":[\"https:\/\/www.oncos.com\/cs\/specializovana-centra\/\"]}]},{\"@type\":\"BreadcrumbList\",\"@id\":\"https:\/\/www.oncos.com\/cs\/specializovana-centra\/#breadcrumb\",\"itemListElement\":[{\"@type\":\"ListItem\",\"position\":1,\"name\":\"Home\",\"item\":\"https:\/\/oncos.com\/\"},{\"@type\":\"ListItem\",\"position\":2,\"name\":\"Specializovan\u00e1 centra\"}]},{\"@type\":\"WebSite\",\"@id\":\"https:\/\/www.oncos.com\/cs\/#website\",\"url\":\"https:\/\/www.oncos.com\/cs\/\",\"name\":\"Oncos\",\"description\":\"\",\"publisher\":{\"@id\":\"https:\/\/www.oncos.com\/cs\/#organization\"},\"potentialAction\":[{\"@type\":\"SearchAction\",\"target\":{\"@type\":\"EntryPoint\",\"urlTemplate\":\"https:\/\/www.oncos.com\/cs\/?s={search_term_string}\"},\"query-input\":\"required name=search_term_string\"}],\"inLanguage\":\"cs-CZ\"},{\"@type\":\"Organization\",\"@id\":\"https:\/\/www.oncos.com\/cs\/#organization\",\"name\":\"Oncos\",\"url\":\"https:\/\/www.oncos.com\/cs\/\",\"logo\":{\"@type\":\"ImageObject\",\"inLanguage\":\"cs-CZ\",\"@id\":\"https:\/\/www.oncos.com\/cs\/#\/schema\/logo\/image\/\",\"url\":\"https:\/\/oncos.com\/site\/uploads\/2023\/08\/logo.png\",\"contentUrl\":\"https:\/\/oncos.com\/site\/uploads\/2023\/08\/logo.png\",\"width\":693,\"height\":200,\"caption\":\"Oncos\"},\"image\":{\"@id\":\"https:\/\/www.oncos.com\/cs\/#\/schema\/logo\/image\/\"},\"sameAs\":[\"https:\/\/www.facebook.com\/oncoscosmetica\",\"https:\/\/www.instagram.com\/oncos_cosmetici\/\"]}]}<\/script>\n<!-- \/ Yoast SEO plugin. -->","yoast_head_json":{"title":"Specializovan\u00e9 l\u00e9k\u00e1rny Oncos","description":"Specializovan\u00e9 l\u00e9k\u00e1rny Oncos: objevte v\u0161echna specializovan\u00e1 centra Oncos. V\u0161ichni autorizovan\u00ed prodejci s certifikac\u00ed na dan\u00e9m \u00fazem\u00ed.","robots":{"index":"index","follow":"follow","max-snippet":"max-snippet:-1","max-image-preview":"max-image-preview:large","max-video-preview":"max-video-preview:-1"},"canonical":"https:\/\/www.oncos.com\/cs\/specializovana-centra\/","og_locale":"cs_CZ","og_type":"article","og_title":"Specializovan\u00e9 l\u00e9k\u00e1rny Oncos","og_description":"Specializovan\u00e9 l\u00e9k\u00e1rny Oncos: objevte v\u0161echna specializovan\u00e1 centra Oncos. V\u0161ichni autorizovan\u00ed prodejci s certifikac\u00ed na dan\u00e9m \u00fazem\u00ed.","og_url":"https:\/\/www.oncos.com\/cs\/specializovana-centra\/","og_site_name":"Oncos","article_publisher":"https:\/\/www.facebook.com\/oncoscosmetica","article_modified_time":"2025-12-01T17:08:14+00:00","twitter_card":"summary_large_image","schema":{"@context":"https:\/\/schema.org","@graph":[{"@type":"WebPage","@id":"https:\/\/www.oncos.com\/cs\/specializovana-centra\/","url":"https:\/\/www.oncos.com\/cs\/specializovana-centra\/","name":"Specializovan\u00e9 l\u00e9k\u00e1rny Oncos","isPartOf":{"@id":"https:\/\/www.oncos.com\/cs\/#website"},"datePublished":"2023-08-11T20:25:35+00:00","dateModified":"2025-12-01T17:08:14+00:00","description":"Specializovan\u00e9 l\u00e9k\u00e1rny Oncos: objevte v\u0161echna specializovan\u00e1 centra Oncos. V\u0161ichni autorizovan\u00ed prodejci s certifikac\u00ed na dan\u00e9m \u00fazem\u00ed.","breadcrumb":{"@id":"https:\/\/www.oncos.com\/cs\/specializovana-centra\/#breadcrumb"},"inLanguage":"cs-CZ","potentialAction":[{"@type":"ReadAction","target":["https:\/\/www.oncos.com\/cs\/specializovana-centra\/"]}]},{"@type":"BreadcrumbList","@id":"https:\/\/www.oncos.com\/cs\/specializovana-centra\/#breadcrumb","itemListElement":[{"@type":"ListItem","position":1,"name":"Home","item":"https:\/\/oncos.com\/"},{"@type":"ListItem","position":2,"name":"Specializovan\u00e1 centra"}]},{"@type":"WebSite","@id":"https:\/\/www.oncos.com\/cs\/#website","url":"https:\/\/www.oncos.com\/cs\/","name":"Oncos","description":"","publisher":{"@id":"https:\/\/www.oncos.com\/cs\/#organization"},"potentialAction":[{"@type":"SearchAction","target":{"@type":"EntryPoint","urlTemplate":"https:\/\/www.oncos.com\/cs\/?s={search_term_string}"},"query-input":"required name=search_term_string"}],"inLanguage":"cs-CZ"},{"@type":"Organization","@id":"https:\/\/www.oncos.com\/cs\/#organization","name":"Oncos","url":"https:\/\/www.oncos.com\/cs\/","logo":{"@type":"ImageObject","inLanguage":"cs-CZ","@id":"https:\/\/www.oncos.com\/cs\/#\/schema\/logo\/image\/","url":"https:\/\/oncos.com\/site\/uploads\/2023\/08\/logo.png","contentUrl":"https:\/\/oncos.com\/site\/uploads\/2023\/08\/logo.png","width":693,"height":200,"caption":"Oncos"},"image":{"@id":"https:\/\/www.oncos.com\/cs\/#\/schema\/logo\/image\/"},"sameAs":["https:\/\/www.facebook.com\/oncoscosmetica","https:\/\/www.instagram.com\/oncos_cosmetici\/"]}]}},"_links":{"self":[{"href":"https:\/\/www.oncos.com\/cs\/wp-json\/wp\/v2\/pages\/23666"}],"collection":[{"href":"https:\/\/www.oncos.com\/cs\/wp-json\/wp\/v2\/pages"}],"about":[{"href":"https:\/\/www.oncos.com\/cs\/wp-json\/wp\/v2\/types\/page"}],"author":[{"embeddable":true,"href":"https:\/\/www.oncos.com\/cs\/wp-json\/wp\/v2\/users\/1"}],"replies":[{"embeddable":true,"href":"https:\/\/www.oncos.com\/cs\/wp-json\/wp\/v2\/comments?post=23666"}],"version-history":[{"count":3,"href":"https:\/\/www.oncos.com\/cs\/wp-json\/wp\/v2\/pages\/23666\/revisions"}],"predecessor-version":[{"id":34369,"href":"https:\/\/www.oncos.com\/cs\/wp-json\/wp\/v2\/pages\/23666\/revisions\/34369"}],"wp:attachment":[{"href":"https:\/\/www.oncos.com\/cs\/wp-json\/wp\/v2\/media?parent=23666"}],"curies":[{"name":"wp","href":"https:\/\/api.w.org\/{rel}","templated":true}]}}