{"id":33633,"date":"2023-10-09T13:42:38","date_gmt":"2023-10-09T13:42:38","guid":{"rendered":"https:\/\/oncos.com\/chemische-venenentzuendung\/"},"modified":"2025-05-30T08:31:37","modified_gmt":"2025-05-30T08:31:37","slug":"chemische-venenentzuendung","status":"publish","type":"page","link":"https:\/\/www.oncos.com\/de\/chemische-venenentzuendung\/","title":{"rendered":"Chemische Venenentz\u00fcndung"},"content":{"rendered":"","protected":false},"excerpt":{"rendered":"","protected":false},"author":1,"featured_media":0,"parent":0,"menu_order":0,"comment_status":"closed","ping_status":"closed","template":"main-theme.php","meta":{"footnotes":""},"acf":[],"yoast_head":"<!-- This site is optimized with the Yoast SEO plugin v21.3 - https:\/\/yoast.com\/wordpress\/plugins\/seo\/ -->\n<title>Produkte f\u00fcr chemische Venenentz\u00fcndungen<\/title>\n<meta name=\"description\" content=\"Produkte f\u00fcr chemische Venenentz\u00fcndungen: Entdecken Sie die Produkte der Oncos-Linie zur Pflege Ihrer gestressten Haut w\u00e4hrend Krebstherapien.\" \/>\n<meta name=\"robots\" content=\"index, follow, max-snippet:-1, max-image-preview:large, max-video-preview:-1\" \/>\n<link rel=\"canonical\" href=\"https:\/\/www.oncos.com\/de\/chemische-venenentzuendung\/\" \/>\n<meta property=\"og:locale\" content=\"de_DE\" \/>\n<meta property=\"og:type\" content=\"article\" \/>\n<meta property=\"og:title\" content=\"Produkte f\u00fcr chemische Venenentz\u00fcndungen\" \/>\n<meta property=\"og:description\" content=\"Produkte f\u00fcr chemische Venenentz\u00fcndungen: Entdecken Sie die Produkte der Oncos-Linie zur Pflege Ihrer gestressten Haut w\u00e4hrend Krebstherapien.\" \/>\n<meta property=\"og:url\" content=\"https:\/\/www.oncos.com\/de\/chemische-venenentzuendung\/\" \/>\n<meta property=\"og:site_name\" content=\"Oncos\" \/>\n<meta property=\"article:publisher\" content=\"https:\/\/www.facebook.com\/oncoscosmetica\" \/>\n<meta property=\"article:modified_time\" content=\"2025-05-30T08:31:37+00:00\" \/>\n<meta name=\"twitter:card\" content=\"summary_large_image\" \/>\n<script type=\"application\/ld+json\" class=\"yoast-schema-graph\">{\"@context\":\"https:\/\/schema.org\",\"@graph\":[{\"@type\":\"WebPage\",\"@id\":\"https:\/\/www.oncos.com\/de\/chemische-venenentzuendung\/\",\"url\":\"https:\/\/www.oncos.com\/de\/chemische-venenentzuendung\/\",\"name\":\"Produkte f\u00fcr chemische Venenentz\u00fcndungen\",\"isPartOf\":{\"@id\":\"https:\/\/oncos.com\/es\/#website\"},\"datePublished\":\"2023-10-09T13:42:38+00:00\",\"dateModified\":\"2025-05-30T08:31:37+00:00\",\"description\":\"Produkte f\u00fcr chemische Venenentz\u00fcndungen: Entdecken Sie die Produkte der Oncos-Linie zur Pflege Ihrer gestressten Haut w\u00e4hrend Krebstherapien.\",\"breadcrumb\":{\"@id\":\"https:\/\/www.oncos.com\/de\/chemische-venenentzuendung\/#breadcrumb\"},\"inLanguage\":\"de-DE\",\"potentialAction\":[{\"@type\":\"ReadAction\",\"target\":[\"https:\/\/www.oncos.com\/de\/chemische-venenentzuendung\/\"]}]},{\"@type\":\"BreadcrumbList\",\"@id\":\"https:\/\/www.oncos.com\/de\/chemische-venenentzuendung\/#breadcrumb\",\"itemListElement\":[{\"@type\":\"ListItem\",\"position\":1,\"name\":\"Home\",\"item\":\"https:\/\/www.oncos.com\/de\/\"},{\"@type\":\"ListItem\",\"position\":2,\"name\":\"Chemische Venenentz\u00fcndung\"}]},{\"@type\":\"WebSite\",\"@id\":\"https:\/\/oncos.com\/es\/#website\",\"url\":\"https:\/\/oncos.com\/es\/\",\"name\":\"Oncos\",\"description\":\"\",\"publisher\":{\"@id\":\"https:\/\/oncos.com\/es\/#organization\"},\"potentialAction\":[{\"@type\":\"SearchAction\",\"target\":{\"@type\":\"EntryPoint\",\"urlTemplate\":\"https:\/\/oncos.com\/es\/?s={search_term_string}\"},\"query-input\":\"required name=search_term_string\"}],\"inLanguage\":\"de-DE\"},{\"@type\":\"Organization\",\"@id\":\"https:\/\/oncos.com\/es\/#organization\",\"name\":\"Oncos\",\"url\":\"https:\/\/oncos.com\/es\/\",\"logo\":{\"@type\":\"ImageObject\",\"inLanguage\":\"de-DE\",\"@id\":\"https:\/\/oncos.com\/es\/#\/schema\/logo\/image\/\",\"url\":\"https:\/\/oncos.com\/site\/uploads\/2023\/08\/logo.png\",\"contentUrl\":\"https:\/\/oncos.com\/site\/uploads\/2023\/08\/logo.png\",\"width\":693,\"height\":200,\"caption\":\"Oncos\"},\"image\":{\"@id\":\"https:\/\/oncos.com\/es\/#\/schema\/logo\/image\/\"},\"sameAs\":[\"https:\/\/www.facebook.com\/oncoscosmetica\",\"https:\/\/www.instagram.com\/oncos_cosmetici\/\"]}]}<\/script>\n<!-- \/ Yoast SEO plugin. -->","yoast_head_json":{"title":"Produkte f\u00fcr chemische Venenentz\u00fcndungen","description":"Produkte f\u00fcr chemische Venenentz\u00fcndungen: Entdecken Sie die Produkte der Oncos-Linie zur Pflege Ihrer gestressten Haut w\u00e4hrend Krebstherapien.","robots":{"index":"index","follow":"follow","max-snippet":"max-snippet:-1","max-image-preview":"max-image-preview:large","max-video-preview":"max-video-preview:-1"},"canonical":"https:\/\/www.oncos.com\/de\/chemische-venenentzuendung\/","og_locale":"de_DE","og_type":"article","og_title":"Produkte f\u00fcr chemische Venenentz\u00fcndungen","og_description":"Produkte f\u00fcr chemische Venenentz\u00fcndungen: Entdecken Sie die Produkte der Oncos-Linie zur Pflege Ihrer gestressten Haut w\u00e4hrend Krebstherapien.","og_url":"https:\/\/www.oncos.com\/de\/chemische-venenentzuendung\/","og_site_name":"Oncos","article_publisher":"https:\/\/www.facebook.com\/oncoscosmetica","article_modified_time":"2025-05-30T08:31:37+00:00","twitter_card":"summary_large_image","schema":{"@context":"https:\/\/schema.org","@graph":[{"@type":"WebPage","@id":"https:\/\/www.oncos.com\/de\/chemische-venenentzuendung\/","url":"https:\/\/www.oncos.com\/de\/chemische-venenentzuendung\/","name":"Produkte f\u00fcr chemische Venenentz\u00fcndungen","isPartOf":{"@id":"https:\/\/oncos.com\/es\/#website"},"datePublished":"2023-10-09T13:42:38+00:00","dateModified":"2025-05-30T08:31:37+00:00","description":"Produkte f\u00fcr chemische Venenentz\u00fcndungen: Entdecken Sie die Produkte der Oncos-Linie zur Pflege Ihrer gestressten Haut w\u00e4hrend Krebstherapien.","breadcrumb":{"@id":"https:\/\/www.oncos.com\/de\/chemische-venenentzuendung\/#breadcrumb"},"inLanguage":"de-DE","potentialAction":[{"@type":"ReadAction","target":["https:\/\/www.oncos.com\/de\/chemische-venenentzuendung\/"]}]},{"@type":"BreadcrumbList","@id":"https:\/\/www.oncos.com\/de\/chemische-venenentzuendung\/#breadcrumb","itemListElement":[{"@type":"ListItem","position":1,"name":"Home","item":"https:\/\/www.oncos.com\/de\/"},{"@type":"ListItem","position":2,"name":"Chemische Venenentz\u00fcndung"}]},{"@type":"WebSite","@id":"https:\/\/oncos.com\/es\/#website","url":"https:\/\/oncos.com\/es\/","name":"Oncos","description":"","publisher":{"@id":"https:\/\/oncos.com\/es\/#organization"},"potentialAction":[{"@type":"SearchAction","target":{"@type":"EntryPoint","urlTemplate":"https:\/\/oncos.com\/es\/?s={search_term_string}"},"query-input":"required name=search_term_string"}],"inLanguage":"de-DE"},{"@type":"Organization","@id":"https:\/\/oncos.com\/es\/#organization","name":"Oncos","url":"https:\/\/oncos.com\/es\/","logo":{"@type":"ImageObject","inLanguage":"de-DE","@id":"https:\/\/oncos.com\/es\/#\/schema\/logo\/image\/","url":"https:\/\/oncos.com\/site\/uploads\/2023\/08\/logo.png","contentUrl":"https:\/\/oncos.com\/site\/uploads\/2023\/08\/logo.png","width":693,"height":200,"caption":"Oncos"},"image":{"@id":"https:\/\/oncos.com\/es\/#\/schema\/logo\/image\/"},"sameAs":["https:\/\/www.facebook.com\/oncoscosmetica","https:\/\/www.instagram.com\/oncos_cosmetici\/"]}]}},"_links":{"self":[{"href":"https:\/\/www.oncos.com\/de\/wp-json\/wp\/v2\/pages\/33633"}],"collection":[{"href":"https:\/\/www.oncos.com\/de\/wp-json\/wp\/v2\/pages"}],"about":[{"href":"https:\/\/www.oncos.com\/de\/wp-json\/wp\/v2\/types\/page"}],"author":[{"embeddable":true,"href":"https:\/\/www.oncos.com\/de\/wp-json\/wp\/v2\/users\/1"}],"replies":[{"embeddable":true,"href":"https:\/\/www.oncos.com\/de\/wp-json\/wp\/v2\/comments?post=33633"}],"version-history":[{"count":2,"href":"https:\/\/www.oncos.com\/de\/wp-json\/wp\/v2\/pages\/33633\/revisions"}],"predecessor-version":[{"id":34300,"href":"https:\/\/www.oncos.com\/de\/wp-json\/wp\/v2\/pages\/33633\/revisions\/34300"}],"wp:attachment":[{"href":"https:\/\/www.oncos.com\/de\/wp-json\/wp\/v2\/media?parent=33633"}],"curies":[{"name":"wp","href":"https:\/\/api.w.org\/{rel}","templated":true}]}}