{"id":10548,"date":"2023-08-11T20:42:55","date_gmt":"2023-08-11T20:42:55","guid":{"rendered":"https:\/\/oncos.com\/ospedali\/"},"modified":"2025-12-01T17:09:00","modified_gmt":"2025-12-01T17:09:00","slug":"hospitales","status":"publish","type":"page","link":"https:\/\/www.oncos.com\/es\/area-business\/hospitales\/","title":{"rendered":"Hospitales"},"content":{"rendered":"","protected":false},"excerpt":{"rendered":"","protected":false},"author":1,"featured_media":0,"parent":11018,"menu_order":0,"comment_status":"closed","ping_status":"closed","template":"main-theme.php","meta":{"footnotes":""},"acf":[],"yoast_head":"<!-- This site is optimized with the Yoast SEO plugin v21.3 - https:\/\/yoast.com\/wordpress\/plugins\/seo\/ -->\n<title>Kit hospitalario: ayuda a los pacientes con Oncos<\/title>\n<meta name=\"description\" content=\"Kit hospitalario: apoya a los pacientes con Oncos proporcion\u00e1ndoles soluciones eficaces para tratar la piel estresada durante las terapias oncol\u00f3gicas. Solic\u00edtalo ahora.\" \/>\n<meta name=\"robots\" content=\"index, follow, max-snippet:-1, max-image-preview:large, max-video-preview:-1\" \/>\n<link rel=\"canonical\" href=\"https:\/\/www.oncos.com\/es\/area-business\/hospitales\/\" \/>\n<meta property=\"og:locale\" content=\"es_ES\" \/>\n<meta property=\"og:type\" content=\"article\" \/>\n<meta property=\"og:title\" content=\"Kit hospitalario: ayuda a los pacientes con Oncos\" \/>\n<meta property=\"og:description\" content=\"Kit hospitalario: apoya a los pacientes con Oncos proporcion\u00e1ndoles soluciones eficaces para tratar la piel estresada durante las terapias oncol\u00f3gicas. Solic\u00edtalo ahora.\" \/>\n<meta property=\"og:url\" content=\"https:\/\/www.oncos.com\/es\/area-business\/hospitales\/\" \/>\n<meta property=\"og:site_name\" content=\"Oncos\" \/>\n<meta property=\"article:publisher\" content=\"https:\/\/www.facebook.com\/oncoscosmetica\" \/>\n<meta property=\"article:modified_time\" content=\"2025-12-01T17:09:00+00:00\" \/>\n<meta name=\"twitter:card\" content=\"summary_large_image\" \/>\n<script type=\"application\/ld+json\" class=\"yoast-schema-graph\">{\"@context\":\"https:\/\/schema.org\",\"@graph\":[{\"@type\":\"WebPage\",\"@id\":\"https:\/\/www.oncos.com\/es\/area-business\/hospitales\/\",\"url\":\"https:\/\/www.oncos.com\/es\/area-business\/hospitales\/\",\"name\":\"Kit hospitalario: ayuda a los pacientes con Oncos\",\"isPartOf\":{\"@id\":\"https:\/\/www.oncos.com\/es\/#website\"},\"datePublished\":\"2023-08-11T20:42:55+00:00\",\"dateModified\":\"2025-12-01T17:09:00+00:00\",\"description\":\"Kit hospitalario: apoya a los pacientes con Oncos proporcion\u00e1ndoles soluciones eficaces para tratar la piel estresada durante las terapias oncol\u00f3gicas. Solic\u00edtalo ahora.\",\"breadcrumb\":{\"@id\":\"https:\/\/www.oncos.com\/es\/area-business\/hospitales\/#breadcrumb\"},\"inLanguage\":\"es-ES\",\"potentialAction\":[{\"@type\":\"ReadAction\",\"target\":[\"https:\/\/www.oncos.com\/es\/area-business\/hospitales\/\"]}]},{\"@type\":\"BreadcrumbList\",\"@id\":\"https:\/\/www.oncos.com\/es\/area-business\/hospitales\/#breadcrumb\",\"itemListElement\":[{\"@type\":\"ListItem\",\"position\":1,\"name\":\"Home\",\"item\":\"https:\/\/oncos.com\/es\/\"},{\"@type\":\"ListItem\",\"position\":2,\"name\":\"\u00c1rea profesional\",\"item\":\"https:\/\/oncos.com\/area-business\/\"},{\"@type\":\"ListItem\",\"position\":3,\"name\":\"Hospitales\"}]},{\"@type\":\"WebSite\",\"@id\":\"https:\/\/www.oncos.com\/es\/#website\",\"url\":\"https:\/\/www.oncos.com\/es\/\",\"name\":\"Oncos\",\"description\":\"\",\"publisher\":{\"@id\":\"https:\/\/www.oncos.com\/es\/#organization\"},\"potentialAction\":[{\"@type\":\"SearchAction\",\"target\":{\"@type\":\"EntryPoint\",\"urlTemplate\":\"https:\/\/www.oncos.com\/es\/?s={search_term_string}\"},\"query-input\":\"required name=search_term_string\"}],\"inLanguage\":\"es-ES\"},{\"@type\":\"Organization\",\"@id\":\"https:\/\/www.oncos.com\/es\/#organization\",\"name\":\"Oncos\",\"url\":\"https:\/\/www.oncos.com\/es\/\",\"logo\":{\"@type\":\"ImageObject\",\"inLanguage\":\"es-ES\",\"@id\":\"https:\/\/www.oncos.com\/es\/#\/schema\/logo\/image\/\",\"url\":\"https:\/\/oncos.com\/site\/uploads\/2023\/08\/logo.png\",\"contentUrl\":\"https:\/\/oncos.com\/site\/uploads\/2023\/08\/logo.png\",\"width\":693,\"height\":200,\"caption\":\"Oncos\"},\"image\":{\"@id\":\"https:\/\/www.oncos.com\/es\/#\/schema\/logo\/image\/\"},\"sameAs\":[\"https:\/\/www.facebook.com\/oncoscosmetica\",\"https:\/\/www.instagram.com\/oncos_cosmetici\/\"]}]}<\/script>\n<!-- \/ Yoast SEO plugin. -->","yoast_head_json":{"title":"Kit hospitalario: ayuda a los pacientes con Oncos","description":"Kit hospitalario: apoya a los pacientes con Oncos proporcion\u00e1ndoles soluciones eficaces para tratar la piel estresada durante las terapias oncol\u00f3gicas. Solic\u00edtalo ahora.","robots":{"index":"index","follow":"follow","max-snippet":"max-snippet:-1","max-image-preview":"max-image-preview:large","max-video-preview":"max-video-preview:-1"},"canonical":"https:\/\/www.oncos.com\/es\/area-business\/hospitales\/","og_locale":"es_ES","og_type":"article","og_title":"Kit hospitalario: ayuda a los pacientes con Oncos","og_description":"Kit hospitalario: apoya a los pacientes con Oncos proporcion\u00e1ndoles soluciones eficaces para tratar la piel estresada durante las terapias oncol\u00f3gicas. Solic\u00edtalo ahora.","og_url":"https:\/\/www.oncos.com\/es\/area-business\/hospitales\/","og_site_name":"Oncos","article_publisher":"https:\/\/www.facebook.com\/oncoscosmetica","article_modified_time":"2025-12-01T17:09:00+00:00","twitter_card":"summary_large_image","schema":{"@context":"https:\/\/schema.org","@graph":[{"@type":"WebPage","@id":"https:\/\/www.oncos.com\/es\/area-business\/hospitales\/","url":"https:\/\/www.oncos.com\/es\/area-business\/hospitales\/","name":"Kit hospitalario: ayuda a los pacientes con Oncos","isPartOf":{"@id":"https:\/\/www.oncos.com\/es\/#website"},"datePublished":"2023-08-11T20:42:55+00:00","dateModified":"2025-12-01T17:09:00+00:00","description":"Kit hospitalario: apoya a los pacientes con Oncos proporcion\u00e1ndoles soluciones eficaces para tratar la piel estresada durante las terapias oncol\u00f3gicas. Solic\u00edtalo ahora.","breadcrumb":{"@id":"https:\/\/www.oncos.com\/es\/area-business\/hospitales\/#breadcrumb"},"inLanguage":"es-ES","potentialAction":[{"@type":"ReadAction","target":["https:\/\/www.oncos.com\/es\/area-business\/hospitales\/"]}]},{"@type":"BreadcrumbList","@id":"https:\/\/www.oncos.com\/es\/area-business\/hospitales\/#breadcrumb","itemListElement":[{"@type":"ListItem","position":1,"name":"Home","item":"https:\/\/oncos.com\/es\/"},{"@type":"ListItem","position":2,"name":"\u00c1rea profesional","item":"https:\/\/oncos.com\/area-business\/"},{"@type":"ListItem","position":3,"name":"Hospitales"}]},{"@type":"WebSite","@id":"https:\/\/www.oncos.com\/es\/#website","url":"https:\/\/www.oncos.com\/es\/","name":"Oncos","description":"","publisher":{"@id":"https:\/\/www.oncos.com\/es\/#organization"},"potentialAction":[{"@type":"SearchAction","target":{"@type":"EntryPoint","urlTemplate":"https:\/\/www.oncos.com\/es\/?s={search_term_string}"},"query-input":"required name=search_term_string"}],"inLanguage":"es-ES"},{"@type":"Organization","@id":"https:\/\/www.oncos.com\/es\/#organization","name":"Oncos","url":"https:\/\/www.oncos.com\/es\/","logo":{"@type":"ImageObject","inLanguage":"es-ES","@id":"https:\/\/www.oncos.com\/es\/#\/schema\/logo\/image\/","url":"https:\/\/oncos.com\/site\/uploads\/2023\/08\/logo.png","contentUrl":"https:\/\/oncos.com\/site\/uploads\/2023\/08\/logo.png","width":693,"height":200,"caption":"Oncos"},"image":{"@id":"https:\/\/www.oncos.com\/es\/#\/schema\/logo\/image\/"},"sameAs":["https:\/\/www.facebook.com\/oncoscosmetica","https:\/\/www.instagram.com\/oncos_cosmetici\/"]}]}},"_links":{"self":[{"href":"https:\/\/www.oncos.com\/es\/wp-json\/wp\/v2\/pages\/10548"}],"collection":[{"href":"https:\/\/www.oncos.com\/es\/wp-json\/wp\/v2\/pages"}],"about":[{"href":"https:\/\/www.oncos.com\/es\/wp-json\/wp\/v2\/types\/page"}],"author":[{"embeddable":true,"href":"https:\/\/www.oncos.com\/es\/wp-json\/wp\/v2\/users\/1"}],"replies":[{"embeddable":true,"href":"https:\/\/www.oncos.com\/es\/wp-json\/wp\/v2\/comments?post=10548"}],"version-history":[{"count":3,"href":"https:\/\/www.oncos.com\/es\/wp-json\/wp\/v2\/pages\/10548\/revisions"}],"predecessor-version":[{"id":11783,"href":"https:\/\/www.oncos.com\/es\/wp-json\/wp\/v2\/pages\/10548\/revisions\/11783"}],"up":[{"embeddable":true,"href":"https:\/\/www.oncos.com\/es\/wp-json\/wp\/v2\/pages\/11018"}],"wp:attachment":[{"href":"https:\/\/www.oncos.com\/es\/wp-json\/wp\/v2\/media?parent=10548"}],"curies":[{"name":"wp","href":"https:\/\/api.w.org\/{rel}","templated":true}]}}