{"id":10636,"date":"2023-08-13T19:06:28","date_gmt":"2023-08-13T19:06:28","guid":{"rendered":"https:\/\/oncos.com\/buscar-en\/studi-clinici\/"},"modified":"2026-04-07T13:12:13","modified_gmt":"2026-04-07T13:12:13","slug":"estudios-clinicos","status":"publish","type":"page","link":"https:\/\/www.oncos.com\/es\/buscar-en\/estudios-clinicos\/","title":{"rendered":"Estudios cl\u00ednicos"},"content":{"rendered":"","protected":false},"excerpt":{"rendered":"","protected":false},"author":1,"featured_media":0,"parent":10634,"menu_order":0,"comment_status":"closed","ping_status":"closed","template":"main-theme.php","meta":{"footnotes":""},"acf":[],"yoast_head":"<!-- This site is optimized with the Yoast SEO plugin v21.3 - https:\/\/yoast.com\/wordpress\/plugins\/seo\/ -->\n<title>Estudio cl\u00ednico eficacia del producto - Oncos<\/title>\n<meta name=\"description\" content=\"Estudio cl\u00ednico Oncos: Descubre c\u00f3mo nuestros productos mejoran el bienestar psicol\u00f3gico y dermatol\u00f3gico de los pacientes durante la terapia contra el c\u00e1ncer.\" \/>\n<meta name=\"robots\" content=\"index, follow, max-snippet:-1, max-image-preview:large, max-video-preview:-1\" \/>\n<link rel=\"canonical\" href=\"https:\/\/www.oncos.com\/es\/buscar-en\/estudios-clinicos\/\" \/>\n<meta property=\"og:locale\" content=\"es_ES\" \/>\n<meta property=\"og:type\" content=\"article\" \/>\n<meta property=\"og:title\" content=\"Estudio cl\u00ednico eficacia del producto - Oncos\" \/>\n<meta property=\"og:description\" content=\"Estudio cl\u00ednico Oncos: Descubre c\u00f3mo nuestros productos mejoran el bienestar psicol\u00f3gico y dermatol\u00f3gico de los pacientes durante la terapia contra el c\u00e1ncer.\" \/>\n<meta property=\"og:url\" content=\"https:\/\/www.oncos.com\/es\/buscar-en\/estudios-clinicos\/\" \/>\n<meta property=\"og:site_name\" content=\"Oncos\" \/>\n<meta property=\"article:publisher\" content=\"https:\/\/www.facebook.com\/oncoscosmetica\" \/>\n<meta property=\"article:modified_time\" content=\"2026-04-07T13:12:13+00:00\" \/>\n<meta name=\"twitter:card\" content=\"summary_large_image\" \/>\n<script type=\"application\/ld+json\" class=\"yoast-schema-graph\">{\"@context\":\"https:\/\/schema.org\",\"@graph\":[{\"@type\":\"WebPage\",\"@id\":\"https:\/\/www.oncos.com\/es\/buscar-en\/estudios-clinicos\/\",\"url\":\"https:\/\/www.oncos.com\/es\/buscar-en\/estudios-clinicos\/\",\"name\":\"Estudio cl\u00ednico eficacia del producto - Oncos\",\"isPartOf\":{\"@id\":\"https:\/\/www.oncos.com\/es\/#website\"},\"datePublished\":\"2023-08-13T19:06:28+00:00\",\"dateModified\":\"2026-04-07T13:12:13+00:00\",\"description\":\"Estudio cl\u00ednico Oncos: Descubre c\u00f3mo nuestros productos mejoran el bienestar psicol\u00f3gico y dermatol\u00f3gico de los pacientes durante la terapia contra el c\u00e1ncer.\",\"breadcrumb\":{\"@id\":\"https:\/\/www.oncos.com\/es\/buscar-en\/estudios-clinicos\/#breadcrumb\"},\"inLanguage\":\"es-ES\",\"potentialAction\":[{\"@type\":\"ReadAction\",\"target\":[\"https:\/\/www.oncos.com\/es\/buscar-en\/estudios-clinicos\/\"]}]},{\"@type\":\"BreadcrumbList\",\"@id\":\"https:\/\/www.oncos.com\/es\/buscar-en\/estudios-clinicos\/#breadcrumb\",\"itemListElement\":[{\"@type\":\"ListItem\",\"position\":1,\"name\":\"Home\",\"item\":\"https:\/\/oncos.com\/es\/\"},{\"@type\":\"ListItem\",\"position\":2,\"name\":\"Busca en\",\"item\":\"https:\/\/oncos.com\/ricerca\/\"},{\"@type\":\"ListItem\",\"position\":3,\"name\":\"Estudios cl\u00ednicos\"}]},{\"@type\":\"WebSite\",\"@id\":\"https:\/\/www.oncos.com\/es\/#website\",\"url\":\"https:\/\/www.oncos.com\/es\/\",\"name\":\"Oncos\",\"description\":\"\",\"publisher\":{\"@id\":\"https:\/\/www.oncos.com\/es\/#organization\"},\"potentialAction\":[{\"@type\":\"SearchAction\",\"target\":{\"@type\":\"EntryPoint\",\"urlTemplate\":\"https:\/\/www.oncos.com\/es\/?s={search_term_string}\"},\"query-input\":\"required name=search_term_string\"}],\"inLanguage\":\"es-ES\"},{\"@type\":\"Organization\",\"@id\":\"https:\/\/www.oncos.com\/es\/#organization\",\"name\":\"Oncos\",\"url\":\"https:\/\/www.oncos.com\/es\/\",\"logo\":{\"@type\":\"ImageObject\",\"inLanguage\":\"es-ES\",\"@id\":\"https:\/\/www.oncos.com\/es\/#\/schema\/logo\/image\/\",\"url\":\"https:\/\/oncos.com\/site\/uploads\/2023\/08\/logo.png\",\"contentUrl\":\"https:\/\/oncos.com\/site\/uploads\/2023\/08\/logo.png\",\"width\":693,\"height\":200,\"caption\":\"Oncos\"},\"image\":{\"@id\":\"https:\/\/www.oncos.com\/es\/#\/schema\/logo\/image\/\"},\"sameAs\":[\"https:\/\/www.facebook.com\/oncoscosmetica\",\"https:\/\/www.instagram.com\/oncos_cosmetici\/\"]}]}<\/script>\n<!-- \/ Yoast SEO plugin. -->","yoast_head_json":{"title":"Estudio cl\u00ednico eficacia del producto - Oncos","description":"Estudio cl\u00ednico Oncos: Descubre c\u00f3mo nuestros productos mejoran el bienestar psicol\u00f3gico y dermatol\u00f3gico de los pacientes durante la terapia contra el c\u00e1ncer.","robots":{"index":"index","follow":"follow","max-snippet":"max-snippet:-1","max-image-preview":"max-image-preview:large","max-video-preview":"max-video-preview:-1"},"canonical":"https:\/\/www.oncos.com\/es\/buscar-en\/estudios-clinicos\/","og_locale":"es_ES","og_type":"article","og_title":"Estudio cl\u00ednico eficacia del producto - Oncos","og_description":"Estudio cl\u00ednico Oncos: Descubre c\u00f3mo nuestros productos mejoran el bienestar psicol\u00f3gico y dermatol\u00f3gico de los pacientes durante la terapia contra el c\u00e1ncer.","og_url":"https:\/\/www.oncos.com\/es\/buscar-en\/estudios-clinicos\/","og_site_name":"Oncos","article_publisher":"https:\/\/www.facebook.com\/oncoscosmetica","article_modified_time":"2026-04-07T13:12:13+00:00","twitter_card":"summary_large_image","schema":{"@context":"https:\/\/schema.org","@graph":[{"@type":"WebPage","@id":"https:\/\/www.oncos.com\/es\/buscar-en\/estudios-clinicos\/","url":"https:\/\/www.oncos.com\/es\/buscar-en\/estudios-clinicos\/","name":"Estudio cl\u00ednico eficacia del producto - Oncos","isPartOf":{"@id":"https:\/\/www.oncos.com\/es\/#website"},"datePublished":"2023-08-13T19:06:28+00:00","dateModified":"2026-04-07T13:12:13+00:00","description":"Estudio cl\u00ednico Oncos: Descubre c\u00f3mo nuestros productos mejoran el bienestar psicol\u00f3gico y dermatol\u00f3gico de los pacientes durante la terapia contra el c\u00e1ncer.","breadcrumb":{"@id":"https:\/\/www.oncos.com\/es\/buscar-en\/estudios-clinicos\/#breadcrumb"},"inLanguage":"es-ES","potentialAction":[{"@type":"ReadAction","target":["https:\/\/www.oncos.com\/es\/buscar-en\/estudios-clinicos\/"]}]},{"@type":"BreadcrumbList","@id":"https:\/\/www.oncos.com\/es\/buscar-en\/estudios-clinicos\/#breadcrumb","itemListElement":[{"@type":"ListItem","position":1,"name":"Home","item":"https:\/\/oncos.com\/es\/"},{"@type":"ListItem","position":2,"name":"Busca en","item":"https:\/\/oncos.com\/ricerca\/"},{"@type":"ListItem","position":3,"name":"Estudios cl\u00ednicos"}]},{"@type":"WebSite","@id":"https:\/\/www.oncos.com\/es\/#website","url":"https:\/\/www.oncos.com\/es\/","name":"Oncos","description":"","publisher":{"@id":"https:\/\/www.oncos.com\/es\/#organization"},"potentialAction":[{"@type":"SearchAction","target":{"@type":"EntryPoint","urlTemplate":"https:\/\/www.oncos.com\/es\/?s={search_term_string}"},"query-input":"required name=search_term_string"}],"inLanguage":"es-ES"},{"@type":"Organization","@id":"https:\/\/www.oncos.com\/es\/#organization","name":"Oncos","url":"https:\/\/www.oncos.com\/es\/","logo":{"@type":"ImageObject","inLanguage":"es-ES","@id":"https:\/\/www.oncos.com\/es\/#\/schema\/logo\/image\/","url":"https:\/\/oncos.com\/site\/uploads\/2023\/08\/logo.png","contentUrl":"https:\/\/oncos.com\/site\/uploads\/2023\/08\/logo.png","width":693,"height":200,"caption":"Oncos"},"image":{"@id":"https:\/\/www.oncos.com\/es\/#\/schema\/logo\/image\/"},"sameAs":["https:\/\/www.facebook.com\/oncoscosmetica","https:\/\/www.instagram.com\/oncos_cosmetici\/"]}]}},"_links":{"self":[{"href":"https:\/\/www.oncos.com\/es\/wp-json\/wp\/v2\/pages\/10636"}],"collection":[{"href":"https:\/\/www.oncos.com\/es\/wp-json\/wp\/v2\/pages"}],"about":[{"href":"https:\/\/www.oncos.com\/es\/wp-json\/wp\/v2\/types\/page"}],"author":[{"embeddable":true,"href":"https:\/\/www.oncos.com\/es\/wp-json\/wp\/v2\/users\/1"}],"replies":[{"embeddable":true,"href":"https:\/\/www.oncos.com\/es\/wp-json\/wp\/v2\/comments?post=10636"}],"version-history":[{"count":2,"href":"https:\/\/www.oncos.com\/es\/wp-json\/wp\/v2\/pages\/10636\/revisions"}],"predecessor-version":[{"id":10639,"href":"https:\/\/www.oncos.com\/es\/wp-json\/wp\/v2\/pages\/10636\/revisions\/10639"}],"up":[{"embeddable":true,"href":"https:\/\/www.oncos.com\/es\/wp-json\/wp\/v2\/pages\/10634"}],"wp:attachment":[{"href":"https:\/\/www.oncos.com\/es\/wp-json\/wp\/v2\/media?parent=10636"}],"curies":[{"name":"wp","href":"https:\/\/api.w.org\/{rel}","templated":true}]}}